{"id":1447,"date":"2021-05-07T11:48:37","date_gmt":"2021-05-07T15:48:37","guid":{"rendered":"https:\/\/nwacstbbi1.wpengine.com\/?page_id=1447"},"modified":"2021-06-09T16:25:39","modified_gmt":"2021-06-09T20:25:39","slug":"services-et-aides","status":"publish","type":"page","link":"https:\/\/stbbi.nwac.ca\/fr\/services-et-aides\/","title":{"rendered":"Services et aides \u00e0 proximit\u00e9"},"content":{"rendered":"","protected":false},"excerpt":{"rendered":"","protected":false},"author":7,"featured_media":0,"parent":0,"menu_order":0,"comment_status":"closed","ping_status":"closed","template":"directories.php","meta":{"_exactmetrics_skip_tracking":false,"_exactmetrics_sitenote_active":false,"_exactmetrics_sitenote_note":"","_exactmetrics_sitenote_category":0},"yoast_head":"<!-- This site is optimized with the Yoast SEO plugin v17.3 - https:\/\/yoast.com\/wordpress\/plugins\/seo\/ -->\n<title>Services et aides \u00e0 proximit\u00e9 - NWAC STBBI<\/title>\n<meta name=\"description\" content=\"Carte interactive du Canada pour vous aider \u00e0 trouver des services et des aides pr\u00e8s de chez vous.\" \/>\n<meta name=\"robots\" content=\"index, follow, max-snippet:-1, max-image-preview:large, max-video-preview:-1\" \/>\n<link rel=\"canonical\" href=\"https:\/\/stbbi.nwac.ca\/fr\/services-et-aides\/\" \/>\n<meta property=\"og:locale\" content=\"fr_FR\" \/>\n<meta property=\"og:type\" content=\"article\" \/>\n<meta property=\"og:title\" content=\"Services et aides \u00e0 proximit\u00e9 - NWAC STBBI\" \/>\n<meta property=\"og:description\" content=\"Carte interactive du Canada pour vous aider \u00e0 trouver des services et des aides pr\u00e8s de chez vous.\" \/>\n<meta property=\"og:url\" content=\"https:\/\/stbbi.nwac.ca\/fr\/services-et-aides\/\" \/>\n<meta property=\"og:site_name\" content=\"NWAC STBBI\" \/>\n<meta property=\"article:publisher\" content=\"https:\/\/www.facebook.com\/NWAC.AFAC\/\" \/>\n<meta property=\"article:modified_time\" content=\"2021-06-09T20:25:39+00:00\" \/>\n<meta property=\"og:image\" content=\"https:\/\/stbbi.nwac.ca\/wp-content\/uploads\/2021\/06\/NWACstbbi-share-image-1200px.jpg\" \/>\n\t<meta property=\"og:image:width\" content=\"1200\" \/>\n\t<meta property=\"og:image:height\" content=\"628\" \/>\n<meta name=\"twitter:card\" content=\"summary_large_image\" \/>\n<meta name=\"twitter:site\" content=\"@NWAC_CA\" \/>\n<script type=\"application\/ld+json\" class=\"yoast-schema-graph\">{\"@context\":\"https:\/\/schema.org\",\"@graph\":[{\"@type\":\"Organization\",\"@id\":\"https:\/\/stbbi.nwac.ca\/#organization\",\"name\":\"NWAC STBBI\",\"url\":\"https:\/\/stbbi.nwac.ca\/\",\"sameAs\":[\"https:\/\/www.facebook.com\/NWAC.AFAC\/\",\"https:\/\/www.instagram.com\/nwac_ca\/\",\"https:\/\/www.youtube.com\/channel\/UCe_rjq2FleC4XN3qmF5tT2A\",\"https:\/\/twitter.com\/NWAC_CA\"],\"logo\":{\"@type\":\"ImageObject\",\"@id\":\"https:\/\/stbbi.nwac.ca\/#logo\",\"inLanguage\":\"fr-FR\",\"url\":\"https:\/\/stbbi.nwac.ca\/wp-content\/uploads\/2021\/02\/nwac-stbbi-en-colour@2x.png\",\"contentUrl\":\"https:\/\/stbbi.nwac.ca\/wp-content\/uploads\/2021\/02\/nwac-stbbi-en-colour@2x.png\",\"width\":334,\"height\":157,\"caption\":\"NWAC STBBI\"},\"image\":{\"@id\":\"https:\/\/stbbi.nwac.ca\/#logo\"}},{\"@type\":\"WebSite\",\"@id\":\"https:\/\/stbbi.nwac.ca\/#website\",\"url\":\"https:\/\/stbbi.nwac.ca\/\",\"name\":\"NWAC STBBI\",\"description\":\"\",\"publisher\":{\"@id\":\"https:\/\/stbbi.nwac.ca\/#organization\"},\"potentialAction\":[{\"@type\":\"SearchAction\",\"target\":{\"@type\":\"EntryPoint\",\"urlTemplate\":\"https:\/\/stbbi.nwac.ca\/?s={search_term_string}\"},\"query-input\":\"required name=search_term_string\"}],\"inLanguage\":\"fr-FR\"},{\"@type\":\"WebPage\",\"@id\":\"https:\/\/stbbi.nwac.ca\/fr\/services-et-aides\/#webpage\",\"url\":\"https:\/\/stbbi.nwac.ca\/fr\/services-et-aides\/\",\"name\":\"Services et aides \\u00e0 proximit\\u00e9 - NWAC STBBI\",\"isPartOf\":{\"@id\":\"https:\/\/stbbi.nwac.ca\/#website\"},\"datePublished\":\"2021-05-07T15:48:37+00:00\",\"dateModified\":\"2021-06-09T20:25:39+00:00\",\"description\":\"Carte interactive du Canada pour vous aider \\u00e0 trouver des services et des aides pr\\u00e8s de chez vous.\",\"breadcrumb\":{\"@id\":\"https:\/\/stbbi.nwac.ca\/fr\/services-et-aides\/#breadcrumb\"},\"inLanguage\":\"fr-FR\",\"potentialAction\":[{\"@type\":\"ReadAction\",\"target\":[\"https:\/\/stbbi.nwac.ca\/fr\/services-et-aides\/\"]}]},{\"@type\":\"BreadcrumbList\",\"@id\":\"https:\/\/stbbi.nwac.ca\/fr\/services-et-aides\/#breadcrumb\",\"itemListElement\":[{\"@type\":\"ListItem\",\"position\":1,\"name\":\"Home\",\"item\":\"https:\/\/stbbi.nwac.ca\/fr\/\"},{\"@type\":\"ListItem\",\"position\":2,\"name\":\"Services et aides \\u00e0 proximit\\u00e9\"}]}]}<\/script>\n<!-- \/ Yoast SEO plugin. -->","yoast_head_json":{"title":"Services et aides \u00e0 proximit\u00e9 - NWAC STBBI","description":"Carte interactive du Canada pour vous aider \u00e0 trouver des services et des aides pr\u00e8s de chez vous.","robots":{"index":"index","follow":"follow","max-snippet":"max-snippet:-1","max-image-preview":"max-image-preview:large","max-video-preview":"max-video-preview:-1"},"canonical":"https:\/\/stbbi.nwac.ca\/fr\/services-et-aides\/","og_locale":"fr_FR","og_type":"article","og_title":"Services et aides \u00e0 proximit\u00e9 - NWAC STBBI","og_description":"Carte interactive du Canada pour vous aider \u00e0 trouver des services et des aides pr\u00e8s de chez vous.","og_url":"https:\/\/stbbi.nwac.ca\/fr\/services-et-aides\/","og_site_name":"NWAC STBBI","article_publisher":"https:\/\/www.facebook.com\/NWAC.AFAC\/","article_modified_time":"2021-06-09T20:25:39+00:00","og_image":[{"width":1200,"height":628,"url":"https:\/\/stbbi.nwac.ca\/wp-content\/uploads\/2021\/06\/NWACstbbi-share-image-1200px.jpg","type":"image\/jpeg"}],"twitter_card":"summary_large_image","twitter_site":"@NWAC_CA","schema":{"@context":"https:\/\/schema.org","@graph":[{"@type":"Organization","@id":"https:\/\/stbbi.nwac.ca\/#organization","name":"NWAC STBBI","url":"https:\/\/stbbi.nwac.ca\/","sameAs":["https:\/\/www.facebook.com\/NWAC.AFAC\/","https:\/\/www.instagram.com\/nwac_ca\/","https:\/\/www.youtube.com\/channel\/UCe_rjq2FleC4XN3qmF5tT2A","https:\/\/twitter.com\/NWAC_CA"],"logo":{"@type":"ImageObject","@id":"https:\/\/stbbi.nwac.ca\/#logo","inLanguage":"fr-FR","url":"https:\/\/stbbi.nwac.ca\/wp-content\/uploads\/2021\/02\/nwac-stbbi-en-colour@2x.png","contentUrl":"https:\/\/stbbi.nwac.ca\/wp-content\/uploads\/2021\/02\/nwac-stbbi-en-colour@2x.png","width":334,"height":157,"caption":"NWAC STBBI"},"image":{"@id":"https:\/\/stbbi.nwac.ca\/#logo"}},{"@type":"WebSite","@id":"https:\/\/stbbi.nwac.ca\/#website","url":"https:\/\/stbbi.nwac.ca\/","name":"NWAC STBBI","description":"","publisher":{"@id":"https:\/\/stbbi.nwac.ca\/#organization"},"potentialAction":[{"@type":"SearchAction","target":{"@type":"EntryPoint","urlTemplate":"https:\/\/stbbi.nwac.ca\/?s={search_term_string}"},"query-input":"required name=search_term_string"}],"inLanguage":"fr-FR"},{"@type":"WebPage","@id":"https:\/\/stbbi.nwac.ca\/fr\/services-et-aides\/#webpage","url":"https:\/\/stbbi.nwac.ca\/fr\/services-et-aides\/","name":"Services et aides \u00e0 proximit\u00e9 - NWAC STBBI","isPartOf":{"@id":"https:\/\/stbbi.nwac.ca\/#website"},"datePublished":"2021-05-07T15:48:37+00:00","dateModified":"2021-06-09T20:25:39+00:00","description":"Carte interactive du Canada pour vous aider \u00e0 trouver des services et des aides pr\u00e8s de chez vous.","breadcrumb":{"@id":"https:\/\/stbbi.nwac.ca\/fr\/services-et-aides\/#breadcrumb"},"inLanguage":"fr-FR","potentialAction":[{"@type":"ReadAction","target":["https:\/\/stbbi.nwac.ca\/fr\/services-et-aides\/"]}]},{"@type":"BreadcrumbList","@id":"https:\/\/stbbi.nwac.ca\/fr\/services-et-aides\/#breadcrumb","itemListElement":[{"@type":"ListItem","position":1,"name":"Home","item":"https:\/\/stbbi.nwac.ca\/fr\/"},{"@type":"ListItem","position":2,"name":"Services et aides \u00e0 proximit\u00e9"}]}]}},"_links":{"self":[{"href":"https:\/\/stbbi.nwac.ca\/fr\/wp-json\/wp\/v2\/pages\/1447"}],"collection":[{"href":"https:\/\/stbbi.nwac.ca\/fr\/wp-json\/wp\/v2\/pages"}],"about":[{"href":"https:\/\/stbbi.nwac.ca\/fr\/wp-json\/wp\/v2\/types\/page"}],"author":[{"embeddable":true,"href":"https:\/\/stbbi.nwac.ca\/fr\/wp-json\/wp\/v2\/users\/7"}],"replies":[{"embeddable":true,"href":"https:\/\/stbbi.nwac.ca\/fr\/wp-json\/wp\/v2\/comments?post=1447"}],"version-history":[{"count":0,"href":"https:\/\/stbbi.nwac.ca\/fr\/wp-json\/wp\/v2\/pages\/1447\/revisions"}],"wp:attachment":[{"href":"https:\/\/stbbi.nwac.ca\/fr\/wp-json\/wp\/v2\/media?parent=1447"}],"curies":[{"name":"wp","href":"https:\/\/api.w.org\/{rel}","templated":true}]}}